{"id":1452,"date":"2019-05-13T09:55:24","date_gmt":"2019-05-13T09:55:24","guid":{"rendered":"http:\/\/localhost\/themeforest\/themes\/marina\/demo\/?page_id=1452"},"modified":"2021-06-03T22:47:31","modified_gmt":"2021-06-03T22:47:31","slug":"hotel","status":"publish","type":"page","link":"https:\/\/marmarine.com\/wordpress\/index.php\/hotel\/","title":{"rendered":"Hotel"},"content":{"rendered":"<p>[vc_row equal_height=&#8221;yes&#8221; content_placement=&#8221;middle&#8221; css=&#8221;.vc_custom_1547048018805{margin-top: 60px !important;background-position: 0 0 !important;background-repeat: no-repeat !important;}&#8221;][vc_column width=&#8221;2\/3&#8243;][vc_row_inner css=&#8221;.vc_custom_1547048998360{margin-top: 40px !important;}&#8221;][vc_column_inner el_class=&#8221;delivery_section_1&#8243; css=&#8221;.vc_custom_1549004525472{padding-right: 80px !important;padding-left: 80px !important;}&#8221;] <h1 style=\"color:; padding:px; text-align:center; font-size:50px; line-height:px; letter-spacing: px; font-weight:lighter;\" class=\"  nd_options_font_size_40_important_all_iphone nd_options_line_height_40_important_all_iphone nd_options_first_font \">HOTEL<\/h1> <div style=\"background-color:; height: 30px;\" class=\"nicdark_section  \"><\/div> <p style=\"color:; padding:px; text-align:center; font-size:px; line-height:px; letter-spacing: 2px; font-weight:lighter;\" class=\"   nd_options_second_font \">- BEAUTY AND COMFORT -<\/p> [\/vc_column_inner][\/vc_row_inner][vc_row_inner css=&#8221;.vc_custom_1557748523104{margin-top: 40px !important;margin-bottom: 40px !important;}&#8221;][vc_column_inner el_class=&#8221;nd_options_padding_20_first_div_important_responsive&#8221; width=&#8221;1\/2&#8243; css=&#8221;.vc_custom_1557748798347{padding-left: 100px !important;}&#8221;] <p style=\"color:; padding:px; text-align:; font-size:px; line-height:px; letter-spacing: px; font-weight:;\" class=\"  nd_options_text_align_center_responsive_important  \">All of our accomodations offer a nice and comfortable space to rest and enjoy your stay at Rio Dulce.<\/p> [\/vc_column_inner][vc_column_inner el_class=&#8221;nd_options_padding_20_first_div_important_responsive&#8221; width=&#8221;1\/2&#8243; css=&#8221;.vc_custom_1557748801383{padding-right: 100px !important;}&#8221;] <p style=\"color:; padding:px; text-align:; font-size:px; line-height:px; letter-spacing: px; font-weight:;\" class=\"  nd_options_text_align_center_responsive_important  \">Todas nuestras categor\u00edas de hospedaje te ofrecen un espacio c\u00f3modo y hermoso para descansar y disfrutar de tu estad\u00eda en Rio Dulce.<\/p> [\/vc_column_inner][\/vc_row_inner][vc_row_inner css=&#8221;.vc_custom_1558424117105{margin-top: 40px !important;margin-right: 0px !important;margin-left: 0px !important;padding-top: 20px !important;padding-right: 20px !important;padding-bottom: 20px !important;padding-left: 20px !important;background-image: url(https:\/\/marmarine.com\/wordpress\/wp-content\/uploads\/2019\/05\/para-01.jpg?id=1634) !important;}&#8221;][vc_column_inner width=&#8221;2\/3&#8243;]\n\n    <div class=\"nd_options_section nd_options_position_relative call_to_action_shop\">\n\n        <img decoding=\"async\" style=\"top:0px;\" alt=\"\" class=\"nd_options_position_absolute nd_options_left_0\" width=\"50\" src=\"https:\/\/marmarine.com\/wordpress\/wp-content\/uploads\/2019\/05\/icon-checked-white.png\">\n\n        <div style=\"padding-left:70px;\" class=\"nd_options_section nd_options_box_sizing_border_box\">\n            \n            <h3 class=\"nd_options_first_font  \" style=\"margin:; color:#ffffff; font-size:20px;line-height:20px;\"><u><strong>DISCOUNT FOR GROUPS<\/strong><\/u><\/h3> \n            <p class=\"nd_options_second_font  \" style=\"margin:0px 0px 0px 0px; color:#ffffff; font-size:14px;line-height:24px;\">Ask for a discount for large groups occupancy.<br \/>\n<i>Descuentos para grupos grandes.<\/i><\/p> \n            <a class=\" nd_options_display_inline_block \" style=\"font-size:px; line-height:px; border-radius:; border: solid ; background-color:; padding:; color:;\" rel=\"\"  href=\"https:\/\/marmarine.com\/wordpress\/index.php\/contact\/\">Contact<\/a>\n\n        <\/div>\n\n    <\/div>\n\n  [\/vc_column_inner][vc_column_inner width=&#8221;1\/3&#8243;]<div style=\"background-color:; height: 8px;\" class=\"nicdark_section  \"><\/div>\n\t<div class=\"nd_options_section nd_options_text_align_center\">\n\t<a style=\"border: 1px solid #ffffff; border-radius:px; letter-spacing:4px; line-height:11px; font-size:11px; background-color:; padding:15px 20px; margin:; color:#ffffff;\" rel=\"\"  href=\"https:\/\/marmarine.com\/wordpress\/index.php\/contact\/\" class=\"nicdark_display_inline_block  nd_options_font_weight_lighter nd_options_second_font nd_options_disable_lateral_border nd_options_float_left_responsive \">QUOTE \/ COTIZAR<\/a>\n\t<\/div>\n[\/vc_column_inner][\/vc_row_inner][\/vc_column][vc_column width=&#8221;1\/3&#8243; css=&#8221;.vc_custom_1621559247506{border-right-width: 15px !important;border-left-width: 15px !important;background-image: url(https:\/\/marmarine.com\/wordpress\/wp-content\/uploads\/2021\/05\/c1b69523-5b25-4712-8944-48bdeb20e05c.jpg?id=2018) !important;background-position: center !important;background-repeat: no-repeat !important;background-size: cover !important;border-left-color: #ffffff !important;border-left-style: solid !important;border-right-color: #ffffff !important;border-right-style: solid !important;}&#8221;]<div style=\"background-color:; height: 100px;\" class=\"nicdark_section  \"><\/div>\n\n      <style>\n      .nd_options_underline_effect.nd_options_underline_effect_384 u:after {\n        background-color:#000000;\n      }\n      <\/style>\n\n     <h3 style=\"color:#ffffff; padding:px; text-align:center; font-size:20px; line-height:20px; letter-spacing: 2px; font-weight:lighter;\" class=\" nd_options_underline_effect nd_options_underline_effect_384  nd_options_first_font \">MAR MARINE HOTEL<\/h3> <div style=\"background-color:; height: 25px;\" class=\"nicdark_section  \"><\/div>\n\n      <style>\n      .nd_options_underline_effect.nd_options_underline_effect_828 u:after {\n        background-color:#000000;\n      }\n      <\/style>\n\n     <p style=\"color:#ffffff; padding:px; text-align:center; font-size:px; line-height:px; letter-spacing: px; font-weight:lighter;\" class=\" nd_options_underline_effect nd_options_underline_effect_828  nd_options_first_font \">RIO DULCE - GUATEMALA<\/p> <div style=\"background-color:; height: 100px;\" class=\"nicdark_section  \"><\/div>[\/vc_column][\/vc_row][vc_row css=&#8221;.vc_custom_1557741323326{margin-top: 70px !important;margin-bottom: 70px !important;}&#8221;][vc_column]\n\n\t<script type=\"text\/javascript\">\n    \/\/<![CDATA[\n    \n    jQuery(document).ready(function() {\n\n      \/\/START masonry\n      jQuery(function ($) {\n        \n        \/\/Masonry\n    \t\tvar $nd_booking_masonry_content = $(\".nd_booking_masonry_content\").imagesLoaded( function() {\n    \t\t  \/\/ init Masonry after all images have loaded\n    \t\t  $nd_booking_masonry_content.masonry({\n    \t\t    itemSelector: \".nd_booking_masonry_item\"\n    \t\t  });\n    \t\t});\n\n      });\n      \/\/END masonry\n\n    });\n\n    \/\/]]>\n  <\/script>\n\n<div class=\"nd_booking_section nd_booking_masonry_content  \">\n\n<div id=\"nd_booking_archive_cpt_1_single_2326\" class=\" nd_booking_rooms_component_l3 nd_booking_masonry_item nd_booking_width_25_percentage nd_booking_float_left nd_booking_width_100_percentage_responsive\">\n\n    <div class=\"nd_booking_section nd_booking_padding_15 nd_booking_box_sizing_border_box\">\n\n        <div class=\"nd_booking_section nd_booking_border_1_solid_grey nd_booking_bg_white\">\n            \n            \n\n        <a href=\"https:\/\/marmarine.com\/wordpress\/index.php\/rooms\/chico-apartment\/\">\n            <div class=\"nd_booking_section nd_booking_position_relative\">\n\n                <img decoding=\"async\" alt=\"\" class=\"nd_booking_section\" src=\"https:\/\/marmarine.com\/wordpress\/wp-content\/uploads\/2021\/06\/small-apt-1-768x1026.jpg\">\n\n                <div class=\"nd_booking_bg_greydark_alpha_gradient_3 nd_booking_position_absolute nd_booking_left_0 nd_booking_height_100_percentage nd_booking_width_100_percentage nd_booking_padding_30 nd_booking_box_sizing_border_box\">\n                    <div class=\"nd_booking_position_absolute nd_booking_bottom_20\">\n\n\n                        <div class=\"nd_booking_display_table nd_booking_float_left\">\n                            <p class=\"nd_booking_display_table_cell nd_booking_padding_right_20 nd_booking_vertical_align_middle  nd_options_color_white nd_booking_margin_right_10  nd_booking_font_size_11 nd_booking_letter_spacing_2 nd_booking_text_transform_uppercase\">&#8216;Chico&#8217; Apartment<\/p>\n                            <p style=\"background-color:#6eba3f;\" class=\"nd_booking_display_table_cell nd_booking_vertical_align_middle  nd_options_color_white  nd_booking_font_size_11 nd_booking_padding_3_5 nd_booking_letter_spacing_2 nd_booking_text_transform_uppercase\">FROM 150 $<\/p>\n                        <\/div>\n                        \n                    <\/div>\n                <\/div>\n\n            <\/div>\n        <\/a>\n\n\n    \n\n        <\/div>\n\n    <\/div>\n\n<\/div>\n\n<div id=\"nd_booking_archive_cpt_1_single_2323\" class=\" nd_booking_rooms_component_l3 nd_booking_masonry_item nd_booking_width_25_percentage nd_booking_float_left nd_booking_width_100_percentage_responsive\">\n\n    <div class=\"nd_booking_section nd_booking_padding_15 nd_booking_box_sizing_border_box\">\n\n        <div class=\"nd_booking_section nd_booking_border_1_solid_grey nd_booking_bg_white\">\n            \n            \n\n        <a href=\"https:\/\/marmarine.com\/wordpress\/index.php\/rooms\/mediano-apartment\/\">\n            <div class=\"nd_booking_section nd_booking_position_relative\">\n\n                <img decoding=\"async\" alt=\"\" class=\"nd_booking_section\" src=\"https:\/\/marmarine.com\/wordpress\/wp-content\/uploads\/2021\/06\/med-apart-768x576.jpg\">\n\n                <div class=\"nd_booking_bg_greydark_alpha_gradient_3 nd_booking_position_absolute nd_booking_left_0 nd_booking_height_100_percentage nd_booking_width_100_percentage nd_booking_padding_30 nd_booking_box_sizing_border_box\">\n                    <div class=\"nd_booking_position_absolute nd_booking_bottom_20\">\n\n\n                        <div class=\"nd_booking_display_table nd_booking_float_left\">\n                            <p class=\"nd_booking_display_table_cell nd_booking_padding_right_20 nd_booking_vertical_align_middle  nd_options_color_white nd_booking_margin_right_10  nd_booking_font_size_11 nd_booking_letter_spacing_2 nd_booking_text_transform_uppercase\">&#8216;Mediano&#8217; Apartment<\/p>\n                            <p style=\"background-color:#c45454;\" class=\"nd_booking_display_table_cell nd_booking_vertical_align_middle  nd_options_color_white  nd_booking_font_size_11 nd_booking_padding_3_5 nd_booking_letter_spacing_2 nd_booking_text_transform_uppercase\">FROM 200 $<\/p>\n                        <\/div>\n                        \n                    <\/div>\n                <\/div>\n\n            <\/div>\n        <\/a>\n\n\n    \n\n        <\/div>\n\n    <\/div>\n\n<\/div>\n\n<div id=\"nd_booking_archive_cpt_1_single_96\" class=\" nd_booking_rooms_component_l3 nd_booking_masonry_item nd_booking_width_25_percentage nd_booking_float_left nd_booking_width_100_percentage_responsive\">\n\n    <div class=\"nd_booking_section nd_booking_padding_15 nd_booking_box_sizing_border_box\">\n\n        <div class=\"nd_booking_section nd_booking_border_1_solid_grey nd_booking_bg_white\">\n            \n            \n\n        <a href=\"https:\/\/marmarine.com\/wordpress\/index.php\/rooms\/grande-apartment\/\">\n            <div class=\"nd_booking_section nd_booking_position_relative\">\n\n                <img decoding=\"async\" alt=\"\" class=\"nd_booking_section\" src=\"https:\/\/marmarine.com\/wordpress\/wp-content\/uploads\/2021\/05\/9b3ddf9c-3e28-4508-9ff8-c4f33523f352.jpg\">\n\n                <div class=\"nd_booking_bg_greydark_alpha_gradient_3 nd_booking_position_absolute nd_booking_left_0 nd_booking_height_100_percentage nd_booking_width_100_percentage nd_booking_padding_30 nd_booking_box_sizing_border_box\">\n                    <div class=\"nd_booking_position_absolute nd_booking_bottom_20\">\n\n\n                        <div class=\"nd_booking_display_table nd_booking_float_left\">\n                            <p class=\"nd_booking_display_table_cell nd_booking_padding_right_20 nd_booking_vertical_align_middle  nd_options_color_white nd_booking_margin_right_10  nd_booking_font_size_11 nd_booking_letter_spacing_2 nd_booking_text_transform_uppercase\">&#8216;Grande&#8217; Apartment<\/p>\n                            <p style=\"background-color:#6ab1bf;\" class=\"nd_booking_display_table_cell nd_booking_vertical_align_middle  nd_options_color_white  nd_booking_font_size_11 nd_booking_padding_3_5 nd_booking_letter_spacing_2 nd_booking_text_transform_uppercase\">FROM 300 $<\/p>\n                        <\/div>\n                        \n                    <\/div>\n                <\/div>\n\n            <\/div>\n        <\/a>\n\n\n    \n\n        <\/div>\n\n    <\/div>\n\n<\/div>\n\n<div id=\"nd_booking_archive_cpt_1_single_95\" class=\" nd_booking_rooms_component_l3 nd_booking_masonry_item nd_booking_width_25_percentage nd_booking_float_left nd_booking_width_100_percentage_responsive\">\n\n    <div class=\"nd_booking_section nd_booking_padding_15 nd_booking_box_sizing_border_box\">\n\n        <div class=\"nd_booking_section nd_booking_border_1_solid_grey nd_booking_bg_white\">\n            \n            \n\n        <a href=\"https:\/\/marmarine.com\/wordpress\/index.php\/rooms\/suites\/\">\n            <div class=\"nd_booking_section nd_booking_position_relative\">\n\n                <img decoding=\"async\" alt=\"\" class=\"nd_booking_section\" src=\"https:\/\/marmarine.com\/wordpress\/wp-content\/uploads\/2021\/05\/55624172_418897292190960_1912843468586090496_n-768x576.jpg\">\n\n                <div class=\"nd_booking_bg_greydark_alpha_gradient_3 nd_booking_position_absolute nd_booking_left_0 nd_booking_height_100_percentage nd_booking_width_100_percentage nd_booking_padding_30 nd_booking_box_sizing_border_box\">\n                    <div class=\"nd_booking_position_absolute nd_booking_bottom_20\">\n\n\n                        <div class=\"nd_booking_display_table nd_booking_float_left\">\n                            <p class=\"nd_booking_display_table_cell nd_booking_padding_right_20 nd_booking_vertical_align_middle  nd_options_color_white nd_booking_margin_right_10  nd_booking_font_size_11 nd_booking_letter_spacing_2 nd_booking_text_transform_uppercase\">Suites<\/p>\n                            <p style=\"background-color:#6ab1bf;\" class=\"nd_booking_display_table_cell nd_booking_vertical_align_middle  nd_options_color_white  nd_booking_font_size_11 nd_booking_padding_3_5 nd_booking_letter_spacing_2 nd_booking_text_transform_uppercase\">FROM 115 $<\/p>\n                        <\/div>\n                        \n                    <\/div>\n                <\/div>\n\n            <\/div>\n        <\/a>\n\n\n    \n\n        <\/div>\n\n    <\/div>\n\n<\/div>\n\n<div id=\"nd_booking_archive_cpt_1_single_94\" class=\" nd_booking_rooms_component_l3 nd_booking_masonry_item nd_booking_width_25_percentage nd_booking_float_left nd_booking_width_100_percentage_responsive\">\n\n    <div class=\"nd_booking_section nd_booking_padding_15 nd_booking_box_sizing_border_box\">\n\n        <div class=\"nd_booking_section nd_booking_border_1_solid_grey nd_booking_bg_white\">\n            \n            \n\n        <a href=\"https:\/\/marmarine.com\/wordpress\/index.php\/rooms\/room\/\">\n            <div class=\"nd_booking_section nd_booking_position_relative\">\n\n                <img decoding=\"async\" alt=\"\" class=\"nd_booking_section\" src=\"https:\/\/marmarine.com\/wordpress\/wp-content\/uploads\/2021\/05\/55a07a35-d58f-49fb-961c-2235765164d6-e1622760262799.jpg\">\n\n                <div class=\"nd_booking_bg_greydark_alpha_gradient_3 nd_booking_position_absolute nd_booking_left_0 nd_booking_height_100_percentage nd_booking_width_100_percentage nd_booking_padding_30 nd_booking_box_sizing_border_box\">\n                    <div class=\"nd_booking_position_absolute nd_booking_bottom_20\">\n\n\n                        <div class=\"nd_booking_display_table nd_booking_float_left\">\n                            <p class=\"nd_booking_display_table_cell nd_booking_padding_right_20 nd_booking_vertical_align_middle  nd_options_color_white nd_booking_margin_right_10  nd_booking_font_size_11 nd_booking_letter_spacing_2 nd_booking_text_transform_uppercase\">Poolside Room<\/p>\n                            <p style=\"background-color:#6ab1bf;\" class=\"nd_booking_display_table_cell nd_booking_vertical_align_middle  nd_options_color_white  nd_booking_font_size_11 nd_booking_padding_3_5 nd_booking_letter_spacing_2 nd_booking_text_transform_uppercase\">FROM 88 $<\/p>\n                        <\/div>\n                        \n                    <\/div>\n                <\/div>\n\n            <\/div>\n        <\/a>\n\n\n    \n\n        <\/div>\n\n    <\/div>\n\n<\/div><\/div>[\/vc_column][\/vc_row]<\/p>\n","protected":false},"excerpt":{"rendered":"<p>[vc_row equal_height=&#8221;yes&#8221; content_placement=&#8221;middle&#8221; css=&#8221;.vc_custom_1547048018805{margin-top: 60px !important;background-position: 0 0 !important;background-repeat: no-repeat !important;}&#8221;][vc_column width=&#8221;2\/3&#8243;][vc_row_inner css=&#8221;.vc_custom_1547048998360{margin-top: 40px !important;}&#8221;][vc_column_inner el_class=&#8221;delivery_section_1&#8243; css=&#8221;.vc_custom_1549004525472{padding-right: 80px !important;padding-left: 80px !important;}&#8221;][\/vc_column_inner][\/vc_row_inner][vc_row_inner css=&#8221;.vc_custom_1557748523104{margin-top: 40px !important;margin-bottom: 40px !important;}&#8221;][vc_column_inner el_class=&#8221;nd_options_padding_20_first_div_important_responsive&#8221; width=&#8221;1\/2&#8243; css=&#8221;.vc_custom_1557748798347{padding-left: 100px !important;}&#8221;][\/vc_column_inner][vc_column_inner el_class=&#8221;nd_options_padding_20_first_div_important_responsive&#8221; width=&#8221;1\/2&#8243; css=&#8221;.vc_custom_1557748801383{padding-right: 100px !important;}&#8221;][\/vc_column_inner][\/vc_row_inner][vc_row_inner css=&#8221;.vc_custom_1558424117105{margin-top: 40px !important;margin-right: 0px !important;margin-left: 0px !important;padding-top: 20px !important;padding-right: 20px !important;padding-bottom: 20px !important;padding-left: 20px !important;background-image: url(https:\/\/marmarine.com\/wordpress\/wp-content\/uploads\/2019\/05\/para-01.jpg?id=1634) !important;}&#8221;][vc_column_inner width=&#8221;2\/3&#8243;][\/vc_column_inner][vc_column_inner width=&#8221;1\/3&#8243;][\/vc_column_inner][\/vc_row_inner][\/vc_column][vc_column [&hellip;]<\/p>\n","protected":false},"author":1,"featured_media":0,"parent":0,"menu_order":0,"comment_status":"closed","ping_status":"closed","template":"","meta":{"footnotes":""},"class_list":["post-1452","page","type-page","status-publish","hentry"],"_links":{"self":[{"href":"https:\/\/marmarine.com\/wordpress\/index.php\/wp-json\/wp\/v2\/pages\/1452","targetHints":{"allow":["GET"]}}],"collection":[{"href":"https:\/\/marmarine.com\/wordpress\/index.php\/wp-json\/wp\/v2\/pages"}],"about":[{"href":"https:\/\/marmarine.com\/wordpress\/index.php\/wp-json\/wp\/v2\/types\/page"}],"author":[{"embeddable":true,"href":"https:\/\/marmarine.com\/wordpress\/index.php\/wp-json\/wp\/v2\/users\/1"}],"replies":[{"embeddable":true,"href":"https:\/\/marmarine.com\/wordpress\/index.php\/wp-json\/wp\/v2\/comments?post=1452"}],"version-history":[{"count":22,"href":"https:\/\/marmarine.com\/wordpress\/index.php\/wp-json\/wp\/v2\/pages\/1452\/revisions"}],"predecessor-version":[{"id":2336,"href":"https:\/\/marmarine.com\/wordpress\/index.php\/wp-json\/wp\/v2\/pages\/1452\/revisions\/2336"}],"wp:attachment":[{"href":"https:\/\/marmarine.com\/wordpress\/index.php\/wp-json\/wp\/v2\/media?parent=1452"}],"curies":[{"name":"wp","href":"https:\/\/api.w.org\/{rel}","templated":true}]}}